{"id":24,"date":"2014-11-26T16:01:53","date_gmt":"2014-11-26T16:01:53","guid":{"rendered":"http:\/\/www.orthodontiemontreal.com\/?page_id=24"},"modified":"2019-05-06T13:49:39","modified_gmt":"2019-05-06T13:49:39","slug":"contact","status":"publish","type":"page","link":"https:\/\/www.orthodontiemontreal.com\/en\/contact\/","title":{"rendered":"Contact us"},"content":{"rendered":"<address>Dr. Sylvain Gagnon, Orthodontic Clinic<br \/>\n3536, avenue Lacombe<br \/>\nMontreal (Quebec) H3T 1M1<\/address>\n<address><a class=\"tel\" href=\"tel:+5147388337\">514 738-8337<\/a><br \/>\n<a title=\"info@orthodontiemontreal.com \" href=\"mailto:info@orthodontiemontreal.com \">info@orthodontiemontreal.com<\/a><\/address>\n<hr \/>\n<h3><strong>Opening hours<\/strong><\/h3>\n<table class=\"contact\">\n<tbody>\n<tr>\n<td>Monday:<\/td>\n<td>9 a.m. \u2013 4 p.m.<\/td>\n<\/tr>\n<tr>\n<td>Tuesday:<\/td>\n<td>9 a.m. \u2013 6 p.m.<\/td>\n<\/tr>\n<tr>\n<td>Wednesday:<\/td>\n<td>8 a.m. \u2013 5.30 p.m.<\/td>\n<\/tr>\n<tr>\n<td>Thursday:<\/td>\n<td>8 a.m. \u2013 5 p.m.<\/td>\n<\/tr>\n<tr>\n<td>Friday:<\/td>\n<td>9 a.m. \u2013 2 p.m.<\/td>\n<\/tr>\n<\/tbody>\n<\/table>\n<hr \/>\n<table class=\"place\">\n<tbody>\n<tr>\n<td><img class=\"img-metro\" src=\"https:\/\/www.orthodontiemontreal.com\/wp-content\/themes\/dsg\/images\/metro.svg\" alt=\"Subway C\u00f4te-des-Neiges\" \/><\/td>\n<td>C\u00f4te-des-Neiges station (we are 2\u00a0mins from the station)<\/td>\n<\/tr>\n<tr>\n<td><img class=\"img-parking\" src=\"https:\/\/www.orthodontiemontreal.com\/wp-content\/themes\/dsg\/images\/parking.svg\" alt=\"Easy parking\" \/><\/td>\n<td>parking is available for our patients<\/td>\n<\/tr>\n<tr>\n<td><img class=\"img-parking\" src=\"https:\/\/www.orthodontiemontreal.com\/wp-content\/themes\/dsg\/images\/bus.svg\" alt=\"Bus\" \/><\/td>\n<td>By bus: Lines 165 or 51<br \/>\n(for line 51, count on about a 10-min walk))<\/td>\n<\/tr>\n<\/tbody>\n<\/table>\n<hr \/>\n<p>The clinic is located in the C\u00f4te-des-Neiges sector of Montreal, just steps away from the C\u00f4te-des-Neiges metro station, Saint. Joseph\u2019s Oratory, Universit\u00e9 de Montr\u00e9al, HEC Montr\u00e9al, Polytechnique Montr\u00e9al, Notre-Dame and Br\u00e9beuf colleges and Sainte-Justine, Jewish and St. Mary\u2019s hospitals.<\/p>\n","protected":false},"excerpt":{"rendered":"<p>Dr. Sylvain Gagnon, Orthodontic Clinic 3536, avenue Lacombe Montreal (Quebec) H3T 1M1 514 738-8337 info@orthodontiemontreal.com Opening hours Monday: 9 a.m. \u2013 4 p.m. Tuesday: 9 a.m. \u2013 6 p.m. Wednesday: 8 a.m. \u2013 5.30 p.m. Thursday: 8 a.m. \u2013 5 p.m. Friday: 9 a.m. \u2013 2 p.m. C\u00f4te-des-Neiges station (we are 2\u00a0mins from the station) [&hellip;]<\/p>\n","protected":false},"author":3,"featured_media":0,"parent":0,"menu_order":0,"comment_status":"open","ping_status":"open","template":"t-contact.php","meta":[],"yoast_head":"<!-- This site is optimized with the Yoast SEO plugin v15.3 - https:\/\/yoast.com\/wordpress\/plugins\/seo\/ -->\n<meta name=\"description\" content=\"Dr. Gagnon uses 3D SureSmile\u00ae imagery for orthodontic treatments, including: removable aligners, IncognitoMC, lingual braces, SpeedTM, fixed wires, etc.\" \/>\n<meta name=\"robots\" content=\"index, follow, max-snippet:-1, max-image-preview:large, max-video-preview:-1\" \/>\n<link rel=\"canonical\" href=\"https:\/\/www.orthodontiemontreal.com\/en\/contact\/\" \/>\n<meta property=\"og:locale\" content=\"en_US\" \/>\n<meta property=\"og:type\" content=\"article\" \/>\n<meta property=\"og:title\" content=\"Contact us - Dr. Sylvain Gagnon, Orthodontic Clinic\" \/>\n<meta property=\"og:description\" content=\"Dr. Gagnon uses 3D SureSmile\u00ae imagery for orthodontic treatments, including: removable aligners, IncognitoMC, lingual braces, SpeedTM, fixed wires, etc.\" \/>\n<meta property=\"og:url\" content=\"https:\/\/www.orthodontiemontreal.com\/en\/contact\/\" \/>\n<meta property=\"og:site_name\" content=\"Clinique d\u2019orthodontie du Dr Sylvain Gagnon\" \/>\n<meta property=\"article:modified_time\" content=\"2019-05-06T13:49:39+00:00\" \/>\n<meta property=\"og:image\" content=\"https:\/\/www.orthodontiemontreal.com\/wp-content\/themes\/dsg\/images\/metro.svg\" \/>\n<meta name=\"twitter:label1\" content=\"Written by\">\n\t<meta name=\"twitter:data1\" content=\"Admin Stereo\">\n\t<meta name=\"twitter:label2\" content=\"Est. reading time\">\n\t<meta name=\"twitter:data2\" content=\"0 minutes\">\n<script type=\"application\/ld+json\" class=\"yoast-schema-graph\">{\"@context\":\"https:\/\/schema.org\",\"@graph\":[{\"@type\":\"WebSite\",\"@id\":\"https:\/\/www.orthodontiemontreal.com\/#website\",\"url\":\"https:\/\/www.orthodontiemontreal.com\/\",\"name\":\"Clinique d\\u2019orthodontie du Dr Sylvain Gagnon\",\"description\":\"Juste un autre site WordPress\",\"potentialAction\":[{\"@type\":\"SearchAction\",\"target\":\"https:\/\/www.orthodontiemontreal.com\/?s={search_term_string}\",\"query-input\":\"required name=search_term_string\"}],\"inLanguage\":\"en-US\"},{\"@type\":\"ImageObject\",\"@id\":\"https:\/\/www.orthodontiemontreal.com\/en\/contact\/#primaryimage\",\"inLanguage\":\"en-US\",\"url\":\"https:\/\/www.orthodontiemontreal.com\/wp-content\/themes\/dsg\/images\/metro.svg\"},{\"@type\":\"WebPage\",\"@id\":\"https:\/\/www.orthodontiemontreal.com\/en\/contact\/#webpage\",\"url\":\"https:\/\/www.orthodontiemontreal.com\/en\/contact\/\",\"name\":\"Contact us - Dr. Sylvain Gagnon, Orthodontic Clinic\",\"isPartOf\":{\"@id\":\"https:\/\/www.orthodontiemontreal.com\/#website\"},\"primaryImageOfPage\":{\"@id\":\"https:\/\/www.orthodontiemontreal.com\/en\/contact\/#primaryimage\"},\"datePublished\":\"2014-11-26T16:01:53+00:00\",\"dateModified\":\"2019-05-06T13:49:39+00:00\",\"description\":\"Dr. Gagnon uses 3D SureSmile\\u00ae imagery for orthodontic treatments, including: removable aligners, IncognitoMC, lingual braces, SpeedTM, fixed wires, etc.\",\"inLanguage\":\"en-US\",\"potentialAction\":[{\"@type\":\"ReadAction\",\"target\":[\"https:\/\/www.orthodontiemontreal.com\/en\/contact\/\"]}]}]}<\/script>\n<!-- \/ Yoast SEO plugin. -->","_links":{"self":[{"href":"https:\/\/www.orthodontiemontreal.com\/en\/wp-json\/wp\/v2\/pages\/24\/"}],"collection":[{"href":"https:\/\/www.orthodontiemontreal.com\/en\/wp-json\/wp\/v2\/pages\/"}],"about":[{"href":"https:\/\/www.orthodontiemontreal.com\/en\/wp-json\/wp\/v2\/types\/page\/"}],"author":[{"embeddable":true,"href":"https:\/\/www.orthodontiemontreal.com\/en\/wp-json\/wp\/v2\/users\/3\/"}],"replies":[{"embeddable":true,"href":"https:\/\/www.orthodontiemontreal.com\/en\/wp-json\/wp\/v2\/comments\/?post=24"}],"version-history":[{"count":21,"href":"https:\/\/www.orthodontiemontreal.com\/en\/wp-json\/wp\/v2\/pages\/24\/revisions\/"}],"predecessor-version":[{"id":580,"href":"https:\/\/www.orthodontiemontreal.com\/en\/wp-json\/wp\/v2\/pages\/24\/revisions\/580\/"}],"wp:attachment":[{"href":"https:\/\/www.orthodontiemontreal.com\/en\/wp-json\/wp\/v2\/media\/?parent=24"}],"curies":[{"name":"wp","href":"https:\/\/api.w.org\/{rel}","templated":true}]}}